{"id":82,"date":"2023-02-03T20:55:10","date_gmt":"2021-02-03T17:55:10","guid":{"rendered":"https:\/\/safirdemo.com\/atolye\/hakkimizda\/"},"modified":"2025-09-18T01:05:45","modified_gmt":"2025-09-17T22:05:45","slug":"hakkimizda","status":"publish","type":"page","link":"https:\/\/3dminia.com.tr\/index.php\/hakkimizda\/","title":{"rendered":"Hakk\u0131m\u0131zda"},"content":{"rendered":"<p>&nbsp;<\/p>\n<p data-start=\"153\" data-end=\"387\">3Dminia olarak, \u00fc\u00e7 boyutlu bask\u0131 teknolojisinin sundu\u011fu s\u0131n\u0131rs\u0131z olanaklar\u0131 \u00f6zel tasar\u0131m \u00fcr\u00fcnlere d\u00f6n\u00fc\u015ft\u00fcr\u00fcyoruz. Yarat\u0131c\u0131l\u0131\u011f\u0131, m\u00fchendislik bilgisiyle bulu\u015fturarak hayal edilen her \u015feyi somut bir ger\u00e7ekli\u011fe kavu\u015fturmak bizim i\u015fimiz.<\/p>\n<p data-start=\"389\" data-end=\"649\">K\u00fc\u00e7\u00fck \u00f6l\u00e7ekli ki\u015fisel tasar\u0131mlardan, dekoratif objelere, end\u00fcstriyel prototiplerden \u00f6zel hediyeliklere kadar geni\u015f bir yelpazede \u00fcretim yap\u0131yoruz. En modern 3D yaz\u0131c\u0131 teknolojilerini kullanarak, her bir \u00fcr\u00fcn\u00fc y\u00fcksek kalite ve hassasiyetle hayata ge\u00e7iriyoruz.<\/p>\n<p data-start=\"651\" data-end=\"809\">M\u00fc\u015fterilerimizin ihtiya\u00e7lar\u0131n\u0131 anlamak, \u00f6zg\u00fcn fikirlerini ger\u00e7e\u011fe d\u00f6n\u00fc\u015ft\u00fcrmek ve onlar\u0131 mutlu edecek \u00f6zel \u00e7\u00f6z\u00fcmler sunmak bizim i\u00e7in bir i\u015f de\u011fil, tutkudur.<\/p>\n<p data-start=\"651\" data-end=\"809\"><img loading=\"lazy\" decoding=\"async\" class=\"alignnone wp-image-588\" src=\"https:\/\/3dminia.com.tr\/wp-content\/uploads\/2025\/09\/73939-kopya-300x194.jpg\" alt=\"\" width=\"800\" height=\"518\" srcset=\"https:\/\/3dminia.com.tr\/wp-content\/uploads\/2025\/09\/73939-kopya-300x194.jpg 300w, https:\/\/3dminia.com.tr\/wp-content\/uploads\/2025\/09\/73939-kopya-1024x662.jpg 1024w, https:\/\/3dminia.com.tr\/wp-content\/uploads\/2025\/09\/73939-kopya-768x497.jpg 768w, https:\/\/3dminia.com.tr\/wp-content\/uploads\/2025\/09\/73939-kopya-1536x993.jpg 1536w, https:\/\/3dminia.com.tr\/wp-content\/uploads\/2025\/09\/73939-kopya-2048x1325.jpg 2048w\" sizes=\"auto, (max-width: 800px) 100vw, 800px\" \/><\/p>\n<h2 data-start=\"816\" data-end=\"831\">Vizyonumuz<\/h2>\n<p data-start=\"832\" data-end=\"860\">3dminia olarak vizyonumuz;<\/p>\n<ul data-start=\"861\" data-end=\"1115\">\n<li data-start=\"861\" data-end=\"943\">\n<p data-start=\"863\" data-end=\"943\">3D bask\u0131 alan\u0131nda T\u00fcrkiye\u2019nin ve d\u00fcnyan\u0131n \u00f6nde gelen markalar\u0131ndan biri olmak,<\/p>\n<\/li>\n<li data-start=\"944\" data-end=\"1015\">\n<p data-start=\"946\" data-end=\"1015\">Yenilik\u00e7i, \u00f6zg\u00fcn ve ki\u015fiye \u00f6zel \u00fcretimlerle sekt\u00f6rde fark yaratmak,<\/p>\n<\/li>\n<li data-start=\"1016\" data-end=\"1115\">\n<p data-start=\"1018\" data-end=\"1115\">Teknolojiyi sanatla bulu\u015fturarak g\u00fcnl\u00fck ya\u015famda estetik, i\u015flevsel ve de\u011ferli \u00fcr\u00fcnler sunmakt\u0131r.<\/p>\n<\/li>\n<\/ul>\n<h2 data-start=\"1122\" data-end=\"1137\">Misyonumuz<\/h2>\n<p data-start=\"1138\" data-end=\"1151\">Misyonumuz;<\/p>\n<ul data-start=\"1152\" data-end=\"1463\">\n<li data-start=\"1152\" data-end=\"1267\">\n<p data-start=\"1154\" data-end=\"1267\">Her m\u00fc\u015fterimizin hayalini ger\u00e7e\u011fe d\u00f6n\u00fc\u015ft\u00fcrmek i\u00e7in tasar\u0131mdan \u00fcretime kadar t\u00fcm s\u00fcre\u00e7lerde titizlikle \u00e7al\u0131\u015fmak,<\/p>\n<\/li>\n<li data-start=\"1268\" data-end=\"1347\">\n<p data-start=\"1270\" data-end=\"1347\">Kaliteyi, h\u0131z ve g\u00fcvenilirlikle birle\u015ftirerek ula\u015f\u0131labilir \u00e7\u00f6z\u00fcmler sunmak,<\/p>\n<\/li>\n<li data-start=\"1348\" data-end=\"1463\">\n<p data-start=\"1350\" data-end=\"1463\">S\u00fcrd\u00fcr\u00fclebilir \u00fcretim anlay\u0131\u015f\u0131yla \u00e7evre dostu malzemeler ve teknolojiler kullanarak gelece\u011fe katk\u0131 sa\u011flamakt\u0131r.<\/p>\n<\/li>\n<\/ul>\n","protected":false},"excerpt":{"rendered":"<p>&nbsp; 3Dminia olarak, \u00fc\u00e7 boyutlu bask\u0131 teknolojisinin sundu\u011fu s\u0131n\u0131rs\u0131z olanaklar\u0131 \u00f6zel tasar\u0131m \u00fcr\u00fcnlere d\u00f6n\u00fc\u015ft\u00fcr\u00fcyoruz. Yarat\u0131c\u0131l\u0131\u011f\u0131, m\u00fchendislik bilgisiyle bulu\u015fturarak hayal edilen her \u015feyi somut bir ger\u00e7ekli\u011fe kavu\u015fturmak bizim i\u015fimiz. K\u00fc\u00e7\u00fck \u00f6l\u00e7ekli ki\u015fisel tasar\u0131mlardan, dekoratif objelere, end\u00fcstriyel prototiplerden \u00f6zel hediyeliklere kadar geni\u015f bir yelpazede \u00fcretim yap\u0131yoruz. En modern 3D yaz\u0131c\u0131 teknolojilerini kullanarak, her bir \u00fcr\u00fcn\u00fc y\u00fcksek kalite [&hellip;]<\/p>\n","protected":false},"author":1,"featured_media":584,"parent":0,"menu_order":0,"comment_status":"closed","ping_status":"closed","template":"","meta":{"footnotes":""},"class_list":["post-82","page","type-page","status-publish","has-post-thumbnail","hentry"],"_links":{"self":[{"href":"https:\/\/3dminia.com.tr\/index.php\/wp-json\/wp\/v2\/pages\/82","targetHints":{"allow":["GET"]}}],"collection":[{"href":"https:\/\/3dminia.com.tr\/index.php\/wp-json\/wp\/v2\/pages"}],"about":[{"href":"https:\/\/3dminia.com.tr\/index.php\/wp-json\/wp\/v2\/types\/page"}],"author":[{"embeddable":true,"href":"https:\/\/3dminia.com.tr\/index.php\/wp-json\/wp\/v2\/users\/1"}],"replies":[{"embeddable":true,"href":"https:\/\/3dminia.com.tr\/index.php\/wp-json\/wp\/v2\/comments?post=82"}],"version-history":[{"count":14,"href":"https:\/\/3dminia.com.tr\/index.php\/wp-json\/wp\/v2\/pages\/82\/revisions"}],"predecessor-version":[{"id":589,"href":"https:\/\/3dminia.com.tr\/index.php\/wp-json\/wp\/v2\/pages\/82\/revisions\/589"}],"wp:featuredmedia":[{"embeddable":true,"href":"https:\/\/3dminia.com.tr\/index.php\/wp-json\/wp\/v2\/media\/584"}],"wp:attachment":[{"href":"https:\/\/3dminia.com.tr\/index.php\/wp-json\/wp\/v2\/media?parent=82"}],"curies":[{"name":"wp","href":"https:\/\/api.w.org\/{rel}","templated":true}]}}